{"id":3557,"date":"2023-11-20T12:45:36","date_gmt":"2023-11-20T12:45:36","guid":{"rendered":"https:\/\/aldimashqi-resturant.de\/product\/cordon-blu\/"},"modified":"2023-12-05T21:28:13","modified_gmt":"2023-12-05T21:28:13","slug":"cordon-blu","status":"publish","type":"product","link":"https:\/\/aldimashqi-resturant.de\/ar\/product\/cordon-blu\/","title":{"rendered":"1 \u0643\u0648\u0631\u062f\u0648\u0646 \u0628\u0644\u0648"},"content":{"rendered":"","protected":false},"excerpt":{"rendered":"<p>Sensitivity number : A.C<\/p>\n<p>Mit Pilzen und K\u00e4se gef\u00fcllte H\u00e4hnchenscheibe und ger\u00e4ucherter Truthahn + \u00a0sautiertes Gem\u00fcse + Pilz-K\u00e4sesauce<\/p>\n","protected":false},"featured_media":3558,"comment_status":"open","ping_status":"closed","template":"","meta":[],"product_cat":[148,90,100],"product_tag":[],"class_list":["post-3557","product","type-product","status-publish","has-post-thumbnail","hentry","product_cat-mahlzeiten-ar","product_cat-90","product_cat-100"],"acf":[],"_links":{"self":[{"href":"https:\/\/aldimashqi-resturant.de\/ar\/wp-json\/wp\/v2\/product\/3557","targetHints":{"allow":["GET"]}}],"collection":[{"href":"https:\/\/aldimashqi-resturant.de\/ar\/wp-json\/wp\/v2\/product"}],"about":[{"href":"https:\/\/aldimashqi-resturant.de\/ar\/wp-json\/wp\/v2\/types\/product"}],"replies":[{"embeddable":true,"href":"https:\/\/aldimashqi-resturant.de\/ar\/wp-json\/wp\/v2\/comments?post=3557"}],"wp:featuredmedia":[{"embeddable":true,"href":"https:\/\/aldimashqi-resturant.de\/ar\/wp-json\/wp\/v2\/media\/3558"}],"wp:attachment":[{"href":"https:\/\/aldimashqi-resturant.de\/ar\/wp-json\/wp\/v2\/media?parent=3557"}],"wp:term":[{"taxonomy":"product_cat","embeddable":true,"href":"https:\/\/aldimashqi-resturant.de\/ar\/wp-json\/wp\/v2\/product_cat?post=3557"},{"taxonomy":"product_tag","embeddable":true,"href":"https:\/\/aldimashqi-resturant.de\/ar\/wp-json\/wp\/v2\/product_tag?post=3557"}],"curies":[{"name":"wp","href":"https:\/\/api.w.org\/{rel}","templated":true}]}}