{"id":3574,"date":"2023-11-20T18:42:10","date_gmt":"2023-11-20T18:42:10","guid":{"rendered":"https:\/\/aldimashqi-resturant.de\/product\/supreme\/"},"modified":"2024-12-25T20:28:38","modified_gmt":"2024-12-25T20:28:38","slug":"supreme","status":"publish","type":"product","link":"https:\/\/aldimashqi-resturant.de\/ar\/product\/supreme\/","title":{"rendered":"13\u0633\u0648\u0628\u0631\u064a\u0645"},"content":{"rendered":"","protected":false},"excerpt":{"rendered":"<p>Sensitivity number :B.7<\/p>\n<p>H\u00e4hnchenst\u00e4bchen gef\u00fcllt mit Salami, Pilzen, K\u00e4se + Pilzk\u00e4se so\u00dfe + Pommes<\/p>\n","protected":false},"featured_media":3575,"comment_status":"open","ping_status":"closed","template":"","meta":[],"product_cat":[148,90,100],"product_tag":[],"class_list":["post-3574","product","type-product","status-publish","has-post-thumbnail","hentry","product_cat-mahlzeiten-ar","product_cat-90","product_cat-100"],"acf":[],"_links":{"self":[{"href":"https:\/\/aldimashqi-resturant.de\/ar\/wp-json\/wp\/v2\/product\/3574","targetHints":{"allow":["GET"]}}],"collection":[{"href":"https:\/\/aldimashqi-resturant.de\/ar\/wp-json\/wp\/v2\/product"}],"about":[{"href":"https:\/\/aldimashqi-resturant.de\/ar\/wp-json\/wp\/v2\/types\/product"}],"replies":[{"embeddable":true,"href":"https:\/\/aldimashqi-resturant.de\/ar\/wp-json\/wp\/v2\/comments?post=3574"}],"wp:featuredmedia":[{"embeddable":true,"href":"https:\/\/aldimashqi-resturant.de\/ar\/wp-json\/wp\/v2\/media\/3575"}],"wp:attachment":[{"href":"https:\/\/aldimashqi-resturant.de\/ar\/wp-json\/wp\/v2\/media?parent=3574"}],"wp:term":[{"taxonomy":"product_cat","embeddable":true,"href":"https:\/\/aldimashqi-resturant.de\/ar\/wp-json\/wp\/v2\/product_cat?post=3574"},{"taxonomy":"product_tag","embeddable":true,"href":"https:\/\/aldimashqi-resturant.de\/ar\/wp-json\/wp\/v2\/product_tag?post=3574"}],"curies":[{"name":"wp","href":"https:\/\/api.w.org\/{rel}","templated":true}]}}