{"id":3708,"date":"2023-11-21T18:00:33","date_gmt":"2023-11-21T18:00:33","guid":{"rendered":"https:\/\/aldimashqi-resturant.de\/product\/rucola-salat\/"},"modified":"2024-07-21T17:45:38","modified_gmt":"2024-07-21T17:45:38","slug":"rucola-salat","status":"publish","type":"product","link":"https:\/\/aldimashqi-resturant.de\/ar\/product\/rucola-salat\/","title":{"rendered":"76 \u0633\u0644\u0637\u0629 \u062c\u0631\u062c\u064a\u0631"},"content":{"rendered":"","protected":false},"excerpt":{"rendered":"<p>Sensitivity number: A.G.B<\/p>\n<p>Brunnenkresse. Zwiebelfl\u00fcgel. Kleine Tomaten. Parmesan K\u00e4se. Essig . Oliven\u00f6l . Sumach. Salz<\/p>\n","protected":false},"featured_media":5783,"comment_status":"open","ping_status":"closed","template":"","meta":[],"product_cat":[161,90,104],"product_tag":[],"class_list":["post-3708","product","type-product","status-publish","has-post-thumbnail","hentry","product_cat-salat-ar","product_cat-90","product_cat-104"],"acf":[],"_links":{"self":[{"href":"https:\/\/aldimashqi-resturant.de\/ar\/wp-json\/wp\/v2\/product\/3708","targetHints":{"allow":["GET"]}}],"collection":[{"href":"https:\/\/aldimashqi-resturant.de\/ar\/wp-json\/wp\/v2\/product"}],"about":[{"href":"https:\/\/aldimashqi-resturant.de\/ar\/wp-json\/wp\/v2\/types\/product"}],"replies":[{"embeddable":true,"href":"https:\/\/aldimashqi-resturant.de\/ar\/wp-json\/wp\/v2\/comments?post=3708"}],"wp:featuredmedia":[{"embeddable":true,"href":"https:\/\/aldimashqi-resturant.de\/ar\/wp-json\/wp\/v2\/media\/5783"}],"wp:attachment":[{"href":"https:\/\/aldimashqi-resturant.de\/ar\/wp-json\/wp\/v2\/media?parent=3708"}],"wp:term":[{"taxonomy":"product_cat","embeddable":true,"href":"https:\/\/aldimashqi-resturant.de\/ar\/wp-json\/wp\/v2\/product_cat?post=3708"},{"taxonomy":"product_tag","embeddable":true,"href":"https:\/\/aldimashqi-resturant.de\/ar\/wp-json\/wp\/v2\/product_tag?post=3708"}],"curies":[{"name":"wp","href":"https:\/\/api.w.org\/{rel}","templated":true}]}}