{"id":3750,"date":"2023-11-20T19:44:05","date_gmt":"2023-11-20T19:44:05","guid":{"rendered":"https:\/\/aldimashqi-resturant.de\/product\/chicken-supreme\/"},"modified":"2023-12-05T22:20:48","modified_gmt":"2023-12-05T22:20:48","slug":"chicken-supreme","status":"publish","type":"product","link":"https:\/\/aldimashqi-resturant.de\/ar\/product\/chicken-supreme\/","title":{"rendered":"30 \u062f\u062c\u0627\u062c \u0633\u0648\u0628\u0631\u064a\u0645"},"content":{"rendered":"","protected":false},"excerpt":{"rendered":"<p>Sensitivity number: A.B.G<\/p>\n<p>H\u00e4hnchenst\u00e4bchen gef\u00fcllt mit Salami, Pilzen, K\u00e4se, Pilz-K\u00e4se-Sauce + Mais<\/p>\n","protected":false},"featured_media":3751,"comment_status":"open","ping_status":"closed","template":"","meta":[],"product_cat":[149,105,90],"product_tag":[],"class_list":["post-3750","product","type-product","status-publish","has-post-thumbnail","hentry","product_cat-sandwiche-ar","product_cat--ar","product_cat-90"],"acf":[],"_links":{"self":[{"href":"https:\/\/aldimashqi-resturant.de\/ar\/wp-json\/wp\/v2\/product\/3750","targetHints":{"allow":["GET"]}}],"collection":[{"href":"https:\/\/aldimashqi-resturant.de\/ar\/wp-json\/wp\/v2\/product"}],"about":[{"href":"https:\/\/aldimashqi-resturant.de\/ar\/wp-json\/wp\/v2\/types\/product"}],"replies":[{"embeddable":true,"href":"https:\/\/aldimashqi-resturant.de\/ar\/wp-json\/wp\/v2\/comments?post=3750"}],"wp:featuredmedia":[{"embeddable":true,"href":"https:\/\/aldimashqi-resturant.de\/ar\/wp-json\/wp\/v2\/media\/3751"}],"wp:attachment":[{"href":"https:\/\/aldimashqi-resturant.de\/ar\/wp-json\/wp\/v2\/media?parent=3750"}],"wp:term":[{"taxonomy":"product_cat","embeddable":true,"href":"https:\/\/aldimashqi-resturant.de\/ar\/wp-json\/wp\/v2\/product_cat?post=3750"},{"taxonomy":"product_tag","embeddable":true,"href":"https:\/\/aldimashqi-resturant.de\/ar\/wp-json\/wp\/v2\/product_tag?post=3750"}],"curies":[{"name":"wp","href":"https:\/\/api.w.org\/{rel}","templated":true}]}}