{"id":3756,"date":"2023-11-20T19:40:31","date_gmt":"2023-11-20T19:40:31","guid":{"rendered":"https:\/\/aldimashqi-resturant.de\/product\/francesco-2\/"},"modified":"2024-07-21T15:27:33","modified_gmt":"2024-07-21T15:27:33","slug":"francesco-2","status":"publish","type":"product","link":"https:\/\/aldimashqi-resturant.de\/ar\/product\/francesco-2\/","title":{"rendered":"27 \u0641\u0631\u0627\u0646\u0634\u064a\u0633\u0643\u0648"},"content":{"rendered":"","protected":false},"excerpt":{"rendered":"<p>Sensitivity number:G.7<\/p>\n<p>Gegrillte H\u00e4hnchenst\u00e4bchen mit + K\u00e4se + Salat + Mais + Mayonnaisesauce<\/p>\n","protected":false},"featured_media":5729,"comment_status":"open","ping_status":"closed","template":"","meta":[],"product_cat":[149,105,90],"product_tag":[],"class_list":["post-3756","product","type-product","status-publish","has-post-thumbnail","hentry","product_cat-sandwiche-ar","product_cat--ar","product_cat-90"],"acf":[],"_links":{"self":[{"href":"https:\/\/aldimashqi-resturant.de\/ar\/wp-json\/wp\/v2\/product\/3756","targetHints":{"allow":["GET"]}}],"collection":[{"href":"https:\/\/aldimashqi-resturant.de\/ar\/wp-json\/wp\/v2\/product"}],"about":[{"href":"https:\/\/aldimashqi-resturant.de\/ar\/wp-json\/wp\/v2\/types\/product"}],"replies":[{"embeddable":true,"href":"https:\/\/aldimashqi-resturant.de\/ar\/wp-json\/wp\/v2\/comments?post=3756"}],"wp:featuredmedia":[{"embeddable":true,"href":"https:\/\/aldimashqi-resturant.de\/ar\/wp-json\/wp\/v2\/media\/5729"}],"wp:attachment":[{"href":"https:\/\/aldimashqi-resturant.de\/ar\/wp-json\/wp\/v2\/media?parent=3756"}],"wp:term":[{"taxonomy":"product_cat","embeddable":true,"href":"https:\/\/aldimashqi-resturant.de\/ar\/wp-json\/wp\/v2\/product_cat?post=3756"},{"taxonomy":"product_tag","embeddable":true,"href":"https:\/\/aldimashqi-resturant.de\/ar\/wp-json\/wp\/v2\/product_tag?post=3756"}],"curies":[{"name":"wp","href":"https:\/\/api.w.org\/{rel}","templated":true}]}}