{"id":3762,"date":"2023-11-20T19:33:16","date_gmt":"2023-11-20T19:33:16","guid":{"rendered":"https:\/\/aldimashqi-resturant.de\/product\/fajita-2\/"},"modified":"2024-07-21T15:20:27","modified_gmt":"2024-07-21T15:20:27","slug":"24-fajita","status":"publish","type":"product","link":"https:\/\/aldimashqi-resturant.de\/ar\/product\/24-fajita\/","title":{"rendered":"24 \u0641\u0627\u0647\u064a\u062a\u0627"},"content":{"rendered":"","protected":false},"excerpt":{"rendered":"<p>Sensitivity number A.B.G<\/p>\n<p>Gegrillte H\u00e4hnchenst\u00e4bchen mit Zwiebeln, Pilzen, Paprika + Avocadosauce + mayonnaisesauce + K\u00e4se<\/p>\n","protected":false},"featured_media":5723,"comment_status":"open","ping_status":"closed","template":"","meta":[],"product_cat":[149,105,90],"product_tag":[],"class_list":["post-3762","product","type-product","status-publish","has-post-thumbnail","hentry","product_cat-sandwiche-ar","product_cat--ar","product_cat-90"],"acf":[],"_links":{"self":[{"href":"https:\/\/aldimashqi-resturant.de\/ar\/wp-json\/wp\/v2\/product\/3762","targetHints":{"allow":["GET"]}}],"collection":[{"href":"https:\/\/aldimashqi-resturant.de\/ar\/wp-json\/wp\/v2\/product"}],"about":[{"href":"https:\/\/aldimashqi-resturant.de\/ar\/wp-json\/wp\/v2\/types\/product"}],"replies":[{"embeddable":true,"href":"https:\/\/aldimashqi-resturant.de\/ar\/wp-json\/wp\/v2\/comments?post=3762"}],"wp:featuredmedia":[{"embeddable":true,"href":"https:\/\/aldimashqi-resturant.de\/ar\/wp-json\/wp\/v2\/media\/5723"}],"wp:attachment":[{"href":"https:\/\/aldimashqi-resturant.de\/ar\/wp-json\/wp\/v2\/media?parent=3762"}],"wp:term":[{"taxonomy":"product_cat","embeddable":true,"href":"https:\/\/aldimashqi-resturant.de\/ar\/wp-json\/wp\/v2\/product_cat?post=3762"},{"taxonomy":"product_tag","embeddable":true,"href":"https:\/\/aldimashqi-resturant.de\/ar\/wp-json\/wp\/v2\/product_tag?post=3762"}],"curies":[{"name":"wp","href":"https:\/\/api.w.org\/{rel}","templated":true}]}}